{"id":2900,"date":"2025-04-24T20:45:35","date_gmt":"2025-04-24T18:45:35","guid":{"rendered":"https:\/\/msradost.com\/5kvetna1701\/?page_id=2900"},"modified":"2025-04-24T21:30:30","modified_gmt":"2025-04-24T19:30:30","slug":"metoda-dobreho-startu","status":"publish","type":"page","link":"https:\/\/msradost.com\/5kvetna1701\/metoda-dobreho-startu\/","title":{"rendered":"Metoda dobr\u00e9ho startu"},"content":{"rendered":"\n<p>Metoda dobr\u00e9ho startu je ur\u010dena pro d\u011bti p\u0159ed\u0161koln\u00edho v\u011bku a prob\u00edh\u00e1 jednou t\u00fddn\u011b (v\u017edy od za\u010d\u00e1tku druh\u00e9ho pololet\u00ed \u0161koln\u00edho roku). Podporuje psychomotorick\u00fd v\u00fdvoj d\u00edt\u011bte, je sou\u010d\u00e1st\u00ed p\u0159\u00edpravy na v\u00fduku \u010dten\u00ed a psan\u00ed, v neposledn\u00ed \u0159ad\u011b je zam\u011b\u0159ena na prevenci \u0161koln\u00edch pot\u00ed\u017e\u00ed.<\/p>\n\n\n\n<div class=\"wp-block-columns is-layout-flex wp-container-core-columns-is-layout-9d6595d7 wp-block-columns-is-layout-flex\">\n<div class=\"wp-block-column is-layout-flow wp-block-column-is-layout-flow\">\n<figure class=\"wp-block-image size-large\"><img loading=\"lazy\" decoding=\"async\" width=\"1024\" height=\"768\" src=\"https:\/\/msradost.com\/5kvetna1701\/wp-content\/uploads\/2025\/04\/fotografie-9-1024x768.jpg\" alt=\"\" class=\"wp-image-2929\" srcset=\"https:\/\/msradost.com\/5kvetna1701\/wp-content\/uploads\/2025\/04\/fotografie-9-1024x768.jpg 1024w, https:\/\/msradost.com\/5kvetna1701\/wp-content\/uploads\/2025\/04\/fotografie-9-768x576.jpg 768w, https:\/\/msradost.com\/5kvetna1701\/wp-content\/uploads\/2025\/04\/fotografie-9-1536x1152.jpg 1536w, https:\/\/msradost.com\/5kvetna1701\/wp-content\/uploads\/2025\/04\/fotografie-9.jpg 1600w\" sizes=\"auto, (max-width: 1024px) 100vw, 1024px\" \/><\/figure>\n<\/div>\n\n\n\n<div class=\"wp-block-column is-layout-flow wp-block-column-is-layout-flow\">\n<figure class=\"wp-block-image size-large\"><img loading=\"lazy\" decoding=\"async\" width=\"1024\" height=\"768\" src=\"https:\/\/msradost.com\/5kvetna1701\/wp-content\/uploads\/2025\/04\/fotografie-8-1024x768.jpg\" alt=\"\" class=\"wp-image-2927\" srcset=\"https:\/\/msradost.com\/5kvetna1701\/wp-content\/uploads\/2025\/04\/fotografie-8-1024x768.jpg 1024w, https:\/\/msradost.com\/5kvetna1701\/wp-content\/uploads\/2025\/04\/fotografie-8-768x576.jpg 768w, https:\/\/msradost.com\/5kvetna1701\/wp-content\/uploads\/2025\/04\/fotografie-8-1536x1152.jpg 1536w, https:\/\/msradost.com\/5kvetna1701\/wp-content\/uploads\/2025\/04\/fotografie-8.jpg 1600w\" sizes=\"auto, (max-width: 1024px) 100vw, 1024px\" \/><\/figure>\n<\/div>\n\n\n\n<div class=\"wp-block-column is-layout-flow wp-block-column-is-layout-flow\">\n<figure class=\"wp-block-image size-large\"><img loading=\"lazy\" decoding=\"async\" width=\"1024\" height=\"768\" src=\"https:\/\/msradost.com\/5kvetna1701\/wp-content\/uploads\/2025\/04\/fotografie-7-1024x768.jpg\" alt=\"\" class=\"wp-image-2926\" srcset=\"https:\/\/msradost.com\/5kvetna1701\/wp-content\/uploads\/2025\/04\/fotografie-7-1024x768.jpg 1024w, https:\/\/msradost.com\/5kvetna1701\/wp-content\/uploads\/2025\/04\/fotografie-7-768x576.jpg 768w, https:\/\/msradost.com\/5kvetna1701\/wp-content\/uploads\/2025\/04\/fotografie-7-1536x1152.jpg 1536w, https:\/\/msradost.com\/5kvetna1701\/wp-content\/uploads\/2025\/04\/fotografie-7.jpg 1600w\" sizes=\"auto, (max-width: 1024px) 100vw, 1024px\" \/><\/figure>\n<\/div>\n<\/div>\n","protected":false},"excerpt":{"rendered":"<p>Metoda dobr\u00e9ho startu je ur\u010dena pro d\u011bti p\u0159ed\u0161koln\u00edho v\u011bku a prob\u00edh\u00e1 jednou t\u00fddn\u011b (v\u017edy od za\u010d\u00e1tku druh\u00e9ho pololet\u00ed \u0161koln\u00edho roku)&#8230;.<\/p>\n","protected":false},"author":2,"featured_media":0,"parent":0,"menu_order":0,"comment_status":"closed","ping_status":"closed","template":"","meta":{"footnotes":""},"class_list":["post-2900","page","type-page","status-publish","hentry"],"_links":{"self":[{"href":"https:\/\/msradost.com\/5kvetna1701\/wp-json\/wp\/v2\/pages\/2900","targetHints":{"allow":["GET"]}}],"collection":[{"href":"https:\/\/msradost.com\/5kvetna1701\/wp-json\/wp\/v2\/pages"}],"about":[{"href":"https:\/\/msradost.com\/5kvetna1701\/wp-json\/wp\/v2\/types\/page"}],"author":[{"embeddable":true,"href":"https:\/\/msradost.com\/5kvetna1701\/wp-json\/wp\/v2\/users\/2"}],"replies":[{"embeddable":true,"href":"https:\/\/msradost.com\/5kvetna1701\/wp-json\/wp\/v2\/comments?post=2900"}],"version-history":[{"count":3,"href":"https:\/\/msradost.com\/5kvetna1701\/wp-json\/wp\/v2\/pages\/2900\/revisions"}],"predecessor-version":[{"id":2932,"href":"https:\/\/msradost.com\/5kvetna1701\/wp-json\/wp\/v2\/pages\/2900\/revisions\/2932"}],"wp:attachment":[{"href":"https:\/\/msradost.com\/5kvetna1701\/wp-json\/wp\/v2\/media?parent=2900"}],"curies":[{"name":"wp","href":"https:\/\/api.w.org\/{rel}","templated":true}]}}