{"id":322,"date":"2018-09-23T18:53:23","date_gmt":"2018-09-23T16:53:23","guid":{"rendered":"http:\/\/msradost.com\/5kvetna1701\/?page_id=322"},"modified":"2024-09-01T14:44:06","modified_gmt":"2024-09-01T12:44:06","slug":"identifikacni-udaje","status":"publish","type":"page","link":"https:\/\/msradost.com\/5kvetna1701\/identifikacni-udaje\/","title":{"rendered":"identifika\u010dn\u00ed \u00fadaje"},"content":{"rendered":"<div class=\"entry\">\n<dl>\n<dt><strong><span style=\"color: #000000;\">N\u00e1zev \u0161koly:<br \/><\/span><\/strong><span style=\"color: #000000;\">Mate\u0159sk\u00e1 \u0161kola Radost, Ro\u017enov p. R., p\u0159\u00edsp\u011bvkov\u00e1 organizace<\/span><\/dt>\n<\/dl>\n<dl>\n<dt><strong><span style=\"color: #000000;\">Adresy slou\u010den\u00fdch mate\u0159sk\u00fdch \u0161kol:<br \/><\/span><\/strong><span style=\"color: #000000;\">5.kv\u011btna 1701, 756 61 Ro\u017enov pod Radho\u0161t\u011bm<br \/><\/span><span style=\"color: #000000;\">Svazarmovsk\u00e1 1444, 756 61 Ro\u017enov pod Radho\u0161t\u011bm<\/span><\/dt>\n<\/dl>\n<dl>\n<dt><strong><span style=\"color: #000000;\">Z\u0159izovatel:<br \/><\/span><\/strong><span style=\"color: #000000;\">M\u011bsto Ro\u017enov pod Radho\u0161t\u011bm, Masarykovo n\u00e1m. 128<\/span><\/dt>\n<\/dl>\n<dl>\n<dt><strong><span style=\"color: #000000;\">Typ organizace:<br \/><\/span><\/strong><span style=\"color: #000000;\">p\u0159\u00edsp\u011bvkov\u00e1, samostatn\u00fd pr\u00e1vn\u00ed subjekt<\/span><\/dt>\n<dd><\/dd>\n<\/dl>\n<dl>\n<dt><strong><span style=\"color: #000000;\">I\u010c:<br \/><\/span><\/strong><span style=\"color: #000000;\">70887659<\/span><\/dt>\n<\/dl>\n<dl>\n<dt><strong><span style=\"color: #000000;\">Bankovn\u00ed spojen\u00ed:<br \/><\/span><\/strong><span style=\"color: #000000;\">Komer\u010dn\u00ed banka, a.s., pobo\u010dka Ro\u017enov pod Radho\u0161t\u011bm<\/span><\/dt>\n<\/dl>\n<dl>\n<dt><strong><span style=\"color: #000000;\">\u010c\u00edslo \u00fa\u010dtu:<br \/><\/span><\/strong><span style=\"color: #000000;\">107-5390410277\/0100 &#8211; hlavn\u00ed \u00fa\u010det<br \/><\/span><span style=\"color: #000000;\">107-5390800267\/0100 &#8211; \u00fa\u010det FKSP<\/span><\/dt>\n<\/dl>\n<dl>\n<dt><strong><span style=\"color: #000000;\">\u010c\u00edsla telefon\u016f:<br \/><\/span><span style=\"color: #000000;\"><em>&#8211; 5.kv\u011btna 1701:<br \/><\/em><\/span><\/strong><span style=\"color: #000000;\">\u00a0 \u00a0571 653 195, 739 589 314 &#8211; mate\u0159sk\u00e1 \u0161kola<\/span><br \/><span style=\"color: #000000;\">\u00a0 \u00a0739 589 313 &#8211; \u0159editelna<\/span><br \/><span style=\"color: #000000;\"><span style=\"color: #000000;\"><span style=\"color: #000000;\">\u00a0 \u00a0739 389 685 &#8211; \u0161koln\u00ed j\u00eddelna, \u00fa\u010detn\u00ed<\/span><\/span><\/span>\n<p>\u00a0<\/p>\n<p>\u00a0<\/p>\n<p>\u00a0<\/p>\n<p><strong><em style=\"color: #000000;\">&#8211; Svazarmovsk\u00e1 1444:<br \/><\/em><\/strong><span style=\"color: #000000;\">\u00a0 \u00a0571 625 911 &#8211; mate\u0159sk\u00e1 \u0161kola<\/span><span style=\"color: #000000;\"><br \/><\/span><span style=\"color: #000000;\">\u00a0 \u00a0739 589 095 &#8211; z\u00e1stupkyn\u011b \u0159editelky<br \/><\/span><span style=\"color: #000000;\">\u00a0 \u00a0739 589 096 &#8211; \u0161koln\u00ed j\u00eddelna<\/span><\/p>\n<\/dt>\n<\/dl>\n<dl>\n<dd><\/dd>\n<\/dl>\n<dl>\n<dt><strong><span style=\"color: #000000;\">Statut\u00e1rn\u00ed org\u00e1n \u0161koly:<br \/><\/span><\/strong><span style=\"color: #000000;\">Mgr. Milena Kohoutov\u00e1 &#8211; \u0159editelka M\u0160<\/span><br \/><span style=\"color: #000000;\">Magdalena Pe\u0159kov\u00e1 &#8211; z\u00e1stupkyn\u011b \u0159editelky M\u0160<\/span><br \/><span style=\"color: #000000;\">Tereza \u010c\u00e1ste\u010dkov\u00e1 &#8211; z\u00e1stupkyn\u011b \u0159editelky ze slou\u010den\u00e9 M\u0160<\/span><\/dt>\n<\/dl>\n<\/div>\n\n\n<p><\/p>\n","protected":false},"excerpt":{"rendered":"<p>N\u00e1zev \u0161koly:Mate\u0159sk\u00e1 \u0161kola Radost, Ro\u017enov p. R., p\u0159\u00edsp\u011bvkov\u00e1 organizace Adresy slou\u010den\u00fdch mate\u0159sk\u00fdch \u0161kol:5.kv\u011btna 1701, 756 61 Ro\u017enov pod Radho\u0161t\u011bmSvazarmovsk\u00e1 1444,&#8230;<\/p>\n","protected":false},"author":2,"featured_media":0,"parent":0,"menu_order":0,"comment_status":"closed","ping_status":"closed","template":"","meta":{"footnotes":""},"class_list":["post-322","page","type-page","status-publish","hentry"],"_links":{"self":[{"href":"https:\/\/msradost.com\/5kvetna1701\/wp-json\/wp\/v2\/pages\/322","targetHints":{"allow":["GET"]}}],"collection":[{"href":"https:\/\/msradost.com\/5kvetna1701\/wp-json\/wp\/v2\/pages"}],"about":[{"href":"https:\/\/msradost.com\/5kvetna1701\/wp-json\/wp\/v2\/types\/page"}],"author":[{"embeddable":true,"href":"https:\/\/msradost.com\/5kvetna1701\/wp-json\/wp\/v2\/users\/2"}],"replies":[{"embeddable":true,"href":"https:\/\/msradost.com\/5kvetna1701\/wp-json\/wp\/v2\/comments?post=322"}],"version-history":[{"count":15,"href":"https:\/\/msradost.com\/5kvetna1701\/wp-json\/wp\/v2\/pages\/322\/revisions"}],"predecessor-version":[{"id":2641,"href":"https:\/\/msradost.com\/5kvetna1701\/wp-json\/wp\/v2\/pages\/322\/revisions\/2641"}],"wp:attachment":[{"href":"https:\/\/msradost.com\/5kvetna1701\/wp-json\/wp\/v2\/media?parent=322"}],"curies":[{"name":"wp","href":"https:\/\/api.w.org\/{rel}","templated":true}]}}