{"id":324,"date":"2018-09-23T18:53:37","date_gmt":"2018-09-23T16:53:37","guid":{"rendered":"http:\/\/msradost.com\/5kvetna1701\/?page_id=324"},"modified":"2025-04-23T13:54:48","modified_gmt":"2025-04-23T11:54:48","slug":"kontakty","status":"publish","type":"page","link":"https:\/\/msradost.com\/5kvetna1701\/kontakty\/","title":{"rendered":"kontakty"},"content":{"rendered":"<p><span style=\"color: #000000;\"><strong>\u0159editelka mate\u0159sk\u00e9 \u0161koly Radost:<\/strong><\/span><br \/>\n<span style=\"color: #000000;\"> speci\u00e1ln\u00ed pedagog Mgr. Milena Kohoutov\u00e1<\/span><br \/>\n<span style=\"color: #000000;\"> tel.: 739 589 313, 571 653 195<\/span><br \/>\n<span style=\"color: #000000;\"> email: <a href=\"mailto:reditelka@msradost.com\">reditelka@msradost.com<\/a><\/span><\/p>\n<p><span style=\"color: #000000;\"><strong>z\u00e1stupkyn\u011b \u0159editelky:<\/strong><\/span><br \/>\n<span style=\"color: #000000;\"> Magdalena Pe\u0159kov\u00e1<\/span><br \/>\n<span style=\"color: #000000;\"> tel.: 739 589 315<\/span><br \/>\n<span style=\"color: #000000;\"> email: <a href=\"mailto:zastupkyne.kvet@msradost.com\">zastupkyne.kvet@msradost.com<\/a><\/span><\/p>\n<p><span style=\"color: #000000;\"><strong>tel. kontakty do t\u0159\u00edd:<br \/>\nBROU\u010cCI:<\/strong>\u00a0+420 603 978 207<\/span><br \/>\n<span style=\"color: #000000;\"><strong>SLUN\u00cd\u010cKA:<\/strong>\u00a0+420 603 978 238<\/span><br \/>\n<span style=\"color: #000000;\"><strong>V\u010cELI\u010cKY:<\/strong>\u00a0+420 603 978 243<\/span><\/p>\n<p><span style=\"color: #000000;\"><strong>logopedka:<\/strong><\/span><br \/>\n<span style=\"color: #000000;\"> Mgr. Pavla Petru\u017eelov\u00e1<\/span><br \/>\n<span style=\"color: #000000;\"> tel.: 571 653 195, 739 389 685<\/span><br \/>\n<span style=\"color: #000000;\"> email: <a href=\"mailto:p.petruzelova@seznam.cz\">p.petruzelova@seznam.cz<\/a><\/span><\/p>\n<p><span style=\"color: #000000;\"><strong>\u00fa\u010detn\u00ed:<\/strong><\/span><br \/>\n<span style=\"color: #000000;\"> Helena Mollov\u00e1<\/span><br \/>\n<span style=\"color: #000000;\"> tel.: 571 653 195, 739 389 685<\/span><br \/>\n<span style=\"color: #000000;\"> email: <a href=\"mailto:ucetni@msradost.com\">ucetni@msradost.com<\/a><\/span><span style=\"color: #000000;\">\u00a0<\/span><\/p>\n<p><span style=\"color: #000000;\"><strong>vedouc\u00ed \u0161koln\u00ed j\u00eddelny:<\/strong><\/span><br \/>\n<span style=\"color: #000000;\"> Lenka Kozubkov\u00e1<\/span><br \/>\n<span style=\"color: #000000;\"> tel.: 571 653 195, 739 389 685<\/span><br \/>\n<span style=\"color: #000000;\"> email: <a href=\"mailto:kuchyn.kvet@msradost.com\">kuchyn.kvet@msradost.com<\/a><\/span><\/p>\n<p><span style=\"color: #000000;\"><strong>vedouc\u00ed kucha\u0159ka:<\/strong><\/span><br \/>\n<span style=\"color: #000000;\"> Milena Havlasov\u00e1<\/span><\/p>\n<p><span style=\"color: #000000;\"><strong>pomocn\u00e1 kucha\u0159ka:<br \/>\n<\/strong>Jaroslava Filipov\u00e1<\/span><\/p>\n<p><span style=\"color: #000000;\"><strong>ukl\u00edze\u010dky:<\/strong><\/span><br \/>\n<span style=\"color: #000000;\"> Magdalena Tiokov\u00e1<br \/>\nJarmila Do\u0159i\u010d\u00e1kov\u00e1\u00a0 \u00a0 \u00a0 \u00a0 \u00a0 \u00a0 \u00a0 \u00a0 \u00a0 \u00a0 \u00a0 \u00a0 \u00a0 \u00a0 \u00a0 \u00a0 \u00a0 \u00a0<\/span><br \/>\n<span style=\"color: #000000;\"> tel.: 571 653 195, 739 389 685<\/span><\/p>\n<p><span style=\"color: #3366ff;\"><strong>provoz mate\u0159sk\u00e9 \u0161koly je od 6 : 00 do 16.00 hodin.<\/strong><\/span><\/p>\n","protected":false},"excerpt":{"rendered":"<p>\u0159editelka mate\u0159sk\u00e9 \u0161koly Radost: speci\u00e1ln\u00ed pedagog Mgr. Milena Kohoutov\u00e1 tel.: 739 589 313, 571 653 195 email: reditelka@msradost.com z\u00e1stupkyn\u011b \u0159editelky:&#8230;<\/p>\n","protected":false},"author":2,"featured_media":0,"parent":0,"menu_order":0,"comment_status":"closed","ping_status":"closed","template":"","meta":{"footnotes":""},"class_list":["post-324","page","type-page","status-publish","hentry"],"_links":{"self":[{"href":"https:\/\/msradost.com\/5kvetna1701\/wp-json\/wp\/v2\/pages\/324","targetHints":{"allow":["GET"]}}],"collection":[{"href":"https:\/\/msradost.com\/5kvetna1701\/wp-json\/wp\/v2\/pages"}],"about":[{"href":"https:\/\/msradost.com\/5kvetna1701\/wp-json\/wp\/v2\/types\/page"}],"author":[{"embeddable":true,"href":"https:\/\/msradost.com\/5kvetna1701\/wp-json\/wp\/v2\/users\/2"}],"replies":[{"embeddable":true,"href":"https:\/\/msradost.com\/5kvetna1701\/wp-json\/wp\/v2\/comments?post=324"}],"version-history":[{"count":14,"href":"https:\/\/msradost.com\/5kvetna1701\/wp-json\/wp\/v2\/pages\/324\/revisions"}],"predecessor-version":[{"id":2881,"href":"https:\/\/msradost.com\/5kvetna1701\/wp-json\/wp\/v2\/pages\/324\/revisions\/2881"}],"wp:attachment":[{"href":"https:\/\/msradost.com\/5kvetna1701\/wp-json\/wp\/v2\/media?parent=324"}],"curies":[{"name":"wp","href":"https:\/\/api.w.org\/{rel}","templated":true}]}}