{"id":372,"date":"2018-09-23T19:07:15","date_gmt":"2018-09-23T17:07:15","guid":{"rendered":"http:\/\/msradost.com\/5kvetna1701\/?page_id=372"},"modified":"2022-04-08T18:37:07","modified_gmt":"2022-04-08T16:37:07","slug":"uvod","status":"publish","type":"page","link":"https:\/\/msradost.com\/5kvetna1701\/uvod\/","title":{"rendered":"\u00davod"},"content":{"rendered":"<h4 style=\"text-align: center;\"><span style=\"color: #3366ff;\"><em><strong>V\u00edt\u00e1me V\u00e1s na webov\u00fdch str\u00e1nk\u00e1ch mate\u0159sk\u00e9 \u0161koly Radost, Ro\u017enov p.R.,<br \/>\np\u0159\u00edsp\u011bvkov\u00e9 organizace, 5.kv\u011btna 1701<\/strong><\/em><\/span><\/h4>\n<p><span style=\"color: #000000;\">Od 1.srpna 2013 jsme slou\u010deni s mate\u0159skou \u0161kolou Kory\u010dansk\u00e9 Paseky, Svazarmovsk\u00e1 1444, Ro\u017enov pod Radho\u0161t\u011bm a jmenujeme se Mate\u0159sk\u00e1 \u0161kola Radost. P\u0159ibylo n\u00e1s, dnes n\u00e1s je celkem 180 mal\u00fdch kamar\u00e1d\u016f a star\u00e1 se o n\u00e1s 16 pan\u00ed u\u010ditelek + 5 asistentek pedagoga, v \u010dele s pan\u00ed \u0159editelkou Milenou. V\u00fdborn\u00e9 a zdrav\u00e9 ob\u011bdy n\u00e1m p\u0159ipravuj\u00ed 4 pan\u00ed kucha\u0159ky a 2 pan\u00ed vedouc\u00ed \u0161koln\u00ed j\u00eddelny. O \u010distotu v M\u0160 se staraj\u00ed 4 pan\u00ed ukl\u00edze\u010dky. Ob\u011b mate\u0159sk\u00e9 \u0161koly pracuj\u00ed podle \u0161koln\u00edho vzd\u011bl\u00e1vac\u00edho programu \u201eS radost\u00ed jdeme do sv\u011bta\u201e ,kter\u00fd je v M\u0160 k dispozici (koordin\u00e1tor \u0160VP PV). Na n\u011bj navazuj\u00ed t\u0159\u00eddn\u00ed vzd\u011bl\u00e1vac\u00ed programy v jednotliv\u00fdch t\u0159\u00edd\u00e1ch a zpracovan\u00e9 projekty, kter\u00e9 s nimi souvis\u00ed. Koncep\u010dn\u011b je mate\u0159sk\u00e1 \u0161kola zam\u011b\u0159ena na ekologii, m\u00e1 vytvo\u0159en pl\u00e1n environment\u00e1ln\u00edch \u010dinnost\u00ed na cel\u00fd rok a M\u0160 m\u00e1 sv\u00e9ho koordin\u00e1tora EVVO. Z tohoto d\u016fvodu chceme zm\u011bnit i zahrady obou M\u0160 na \u201ezelen\u00e9 zahrady objev\u016f\u201c s environment\u00e1ln\u00edmi koutky. Na zahrad\u011b M\u0160 5.kv\u011btna 1701 jsme za\u010dali v roce 2012 a d\u00edky z\u00edskan\u00fdm dotac\u00edm a i dotaci \u017dP \u010cR se n\u00e1m da\u0159\u00ed zahradu st\u00e1le renovovat a p\u0159id\u00e1vat nov\u00e9 hern\u00ed prvky.\u00a0<\/span><span style=\"color: #000000;\">V lo\u0148sk\u00e9m roce jsme z\u00edskali dotaci ze \u017dP ve slou\u010den\u00e9 M\u0160 Radost Svazarmovsk\u00e9 1444 a t\u011b\u0161\u00edme se na novou &#8222;p\u0159\u00edrodn\u00ed zahradu&#8220;. Z\u00e1rove\u0148 se p\u0159ipravujeme na z\u00edsk\u00e1n\u00ed dotace na celkovou rekonstrukci budovy Svazarmovsk\u00e9 1444.<\/span><\/p>\n","protected":false},"excerpt":{"rendered":"<p>V\u00edt\u00e1me V\u00e1s na webov\u00fdch str\u00e1nk\u00e1ch mate\u0159sk\u00e9 \u0161koly Radost, Ro\u017enov p.R., p\u0159\u00edsp\u011bvkov\u00e9 organizace, 5.kv\u011btna 1701 Od 1.srpna 2013 jsme slou\u010deni s&#8230;<\/p>\n","protected":false},"author":2,"featured_media":0,"parent":0,"menu_order":0,"comment_status":"closed","ping_status":"closed","template":"","meta":{"footnotes":""},"class_list":["post-372","page","type-page","status-publish","hentry"],"_links":{"self":[{"href":"https:\/\/msradost.com\/5kvetna1701\/wp-json\/wp\/v2\/pages\/372","targetHints":{"allow":["GET"]}}],"collection":[{"href":"https:\/\/msradost.com\/5kvetna1701\/wp-json\/wp\/v2\/pages"}],"about":[{"href":"https:\/\/msradost.com\/5kvetna1701\/wp-json\/wp\/v2\/types\/page"}],"author":[{"embeddable":true,"href":"https:\/\/msradost.com\/5kvetna1701\/wp-json\/wp\/v2\/users\/2"}],"replies":[{"embeddable":true,"href":"https:\/\/msradost.com\/5kvetna1701\/wp-json\/wp\/v2\/comments?post=372"}],"version-history":[{"count":8,"href":"https:\/\/msradost.com\/5kvetna1701\/wp-json\/wp\/v2\/pages\/372\/revisions"}],"predecessor-version":[{"id":1844,"href":"https:\/\/msradost.com\/5kvetna1701\/wp-json\/wp\/v2\/pages\/372\/revisions\/1844"}],"wp:attachment":[{"href":"https:\/\/msradost.com\/5kvetna1701\/wp-json\/wp\/v2\/media?parent=372"}],"curies":[{"name":"wp","href":"https:\/\/api.w.org\/{rel}","templated":true}]}}