{"id":304,"date":"2018-09-23T18:44:32","date_gmt":"2018-09-23T16:44:32","guid":{"rendered":"http:\/\/msradost.com\/svazarmovska1444\/?page_id=304"},"modified":"2026-04-29T12:45:11","modified_gmt":"2026-04-29T10:45:11","slug":"dokumenty","status":"publish","type":"page","link":"https:\/\/msradost.com\/svazarmovska1444\/dokumenty\/","title":{"rendered":"Dokumenty"},"content":{"rendered":"<ul>\n<li>\n<h4><a href=\"https:\/\/msradost.com\/svazarmovska1444\/wp-content\/uploads\/2026\/02\/Skolni-rad-od-1.9.2025.pdf\">\u0160koln\u00ed \u0159\u00e1d mate\u0159sk\u00e9 \u0161koly<\/a><\/h4>\n<\/li>\n<li>\n<h4><a href=\"https:\/\/msradost.com\/5kvetna1701\/wp-content\/uploads\/2024\/01\/Koncepce-M\u0160-Radost.pdf\">Koncepce M\u0160 Radost a vize dlouhodob\u00fdch z\u00e1m\u011br\u016f vzd\u011bl\u00e1v\u00e1n\u00ed<\/a><\/h4>\n<\/li>\n<li>\n<h4><a href=\"https:\/\/msradost.com\/svazarmovska1444\/wp-content\/uploads\/2026\/04\/Vyrocni-zprava-o-cinnosti-MS-za-rok-20242025.pdf\">V\u00fdro\u010dn\u00ed zpr\u00e1va o \u010dinnosti M\u0160 Radost za rok 2024-2025<\/a><\/h4>\n<\/li>\n<li>\n<h4><a href=\"https:\/\/msradost.com\/svazarmovska1444\/wp-content\/uploads\/2026\/04\/Vyrocni-zprava-o-hospodareni-za-rok-2025.pdf\">V\u00fdro\u010dn\u00ed zpr\u00e1va o hospoda\u0159en\u00ed M\u0160 Radost v roce 2025<\/a><\/h4>\n<\/li>\n<li>\n<h4><a href=\"https:\/\/msradost.com\/5kvetna1701\/wp-content\/uploads\/2026\/04\/Zprava-o-poskytovani-informaci-podle-zakona-c.1061999-Sb.pdf\">Zpr\u00e1va o poskytov\u00e1n\u00ed informac\u00ed podle z\u00e1kona \u010d.106-1999<\/a><\/h4>\n<\/li>\n<li>\n<h4><a href=\"https:\/\/msradost.com\/5kvetna1701\/wp-content\/uploads\/2026\/04\/Obecna-informace-o-zpracovani-osobnich-udaju.pdf\">Obecn\u00e1 informace o zpracov\u00e1n\u00ed osobn\u00edch \u00fadaj\u016f<\/a><\/h4>\n<\/li>\n<li>\n<h4><strong><a href=\"https:\/\/www.roznov.cz\/cs\/urad-a-kontakty\/informace-dle-zakona\/informace-dle-zak-c-250-2000-sb.html\">N\u00e1vrhy rozpo\u010dt\u016f (pl\u00e1n\u016f v\u00fdnos\u016f a n\u00e1klad\u016f) na rok 2023 a st\u0159edn\u011bdob\u00fdch v\u00fdhled\u016f rozpo\u010dt\u016f (pl\u00e1n\u016f v\u00fdnos\u016f a n\u00e1klad\u016f) na obdob\u00ed let 2024 a\u017e 2025 p\u0159\u00edsp\u011bvkov\u00fdch organizac\u00ed m\u011bsta Ro\u017enov pod Radho\u0161t\u011bm<\/a><\/strong><\/h4>\n<\/li>\n<li>\n<h4><a href=\"https:\/\/msradost.com\/svazarmovska1444\/wp-content\/uploads\/2025\/02\/Vnitrni-rad-skolni-kuch.-Svazarmovska-1444-rodice.pdf\">Vnit\u0159n\u00ed provozn\u00ed \u0159\u00e1d \u0161koln\u00ed kuchyn\u011b<\/a><\/h4>\n<\/li>\n<\/ul>\n<h4><span style=\"color: #000000;\"><strong><br \/>Z\u00c1PIS DO M\u0160<br \/><\/strong><\/span><\/h4>\n<hr \/>\n<ul>\n<li>\n<h4><a href=\"https:\/\/msradost.com\/svazarmovska1444\/wp-content\/uploads\/2026\/04\/Hromadne-rozhodnuti-o-prijeti-deti-k-pred.-vzd.-Svazarmovska-1444-2026-2027.pdf\">Hromadn\u00e9 rozhodnut\u00ed o p\u0159ijet\u00ed d\u011bt\u00ed k p\u0159ed\u0161k. vzd\u011bl. Svazarmovsk\u00e1 1444 2026-2027<\/a><\/h4>\n<\/li>\n<li>\n<h4><a style=\"font-size: revert; font-weight: revert;\" href=\"https:\/\/msradost.com\/svazarmovska1444\/wp-content\/uploads\/2025\/04\/Zapis-do-ms.png\">Z\u00e1pis do M\u0160<\/a><\/h4>\n<\/li>\n<li>\n<h4><a href=\"https:\/\/msradost.com\/svazarmovska1444\/wp-content\/uploads\/2025\/04\/Zadost_o_prijeti_NOVA-Svazarmovska-1444-2-2.docx\">\u017d\u00e1dost o p\u0159ijet\u00ed d\u00edt\u011bte do M\u0160<\/a><\/h4>\n<\/li>\n<li>\n<h4><a href=\"https:\/\/msradost.com\/svazarmovska1444\/wp-content\/uploads\/2025\/04\/Potvrzeni-o-ockovani-2018-MS-Radost-Svazarmovska-1444-nove-logo.docx\">Potvrzen\u00ed o o\u010dkov\u00e1n\u00ed &#8211; vyj\u00e1d\u0159en\u00ed registruj\u00edc\u00edho praktick\u00e9ho l\u00e9ka\u0159e<\/a><\/h4>\n<\/li>\n<li>\n<h4><a href=\"https:\/\/msradost.com\/svazarmovska1444\/wp-content\/uploads\/2026\/04\/Kriteria-o-prijeti-deti-k-preds.vzd_.-Svazarmovska-1444.pdf\">Krit\u00e9ria o p\u0159ijet\u00ed d\u00edt\u011bte do M\u0160<\/a><\/h4>\n<\/li>\n<li>\n<h4><a href=\"https:\/\/msradost.com\/5kvetna1701\/wp-content\/uploads\/2020\/05\/\u010cestn\u00e9-prohl\u00e1\u0161en\u00ed-ke-sta\u017een\u00ed-a-vypln\u011bn\u00ed.pdf\">\u010cestn\u00e9 prohl\u00e1\u0161en\u00ed<\/a><\/h4>\n<\/li>\n<li>\n<h4><a href=\"https:\/\/msradost.com\/svazarmovska1444\/wp-content\/uploads\/2026\/04\/letni-prazdniony-provoz-pro-svazarm.pdf\">P\u0159ihl\u00e1\u0161ka na PR\u00c1ZDNINOV\u00dd provoz M\u0160<\/a><\/h4>\n<\/li>\n<\/ul>\n<h4><span style=\"color: #000000;\"><strong><br \/>PLATBY V M\u0160<br \/><\/strong><\/span><\/h4>\n<hr \/>\n<ul>\n<li>\n<h5><a style=\"font-size: 1.2em; font-weight: 600;\" href=\"https:\/\/msradost.com\/svazarmovska1444\/wp-content\/uploads\/2024\/07\/57-6-1-Vyrozumeni-Rady-m\u011bsta-RpR-2024.pdf\">Vyrozum\u011bn\u00ed o zv\u00fd\u0161en\u00ed \u0161koln\u00e9ho od 1.9.2024 na <span style=\"color: #ff0000;\">850,- K\u010d\/m\u011bs\u00edc<\/span><\/a><\/h5>\n<\/li>\n<\/ul>\n\n\n<p><\/p>\n","protected":false},"excerpt":{"rendered":"<p>\u0160koln\u00ed \u0159\u00e1d mate\u0159sk\u00e9 \u0161koly Koncepce M\u0160 Radost a vize dlouhodob\u00fdch z\u00e1m\u011br\u016f vzd\u011bl\u00e1v\u00e1n\u00ed V\u00fdro\u010dn\u00ed zpr\u00e1va o \u010dinnosti M\u0160 Radost za rok&#8230;<\/p>\n","protected":false},"author":2,"featured_media":0,"parent":0,"menu_order":0,"comment_status":"closed","ping_status":"closed","template":"","meta":{"footnotes":""},"class_list":["post-304","page","type-page","status-publish","hentry"],"_links":{"self":[{"href":"https:\/\/msradost.com\/svazarmovska1444\/wp-json\/wp\/v2\/pages\/304","targetHints":{"allow":["GET"]}}],"collection":[{"href":"https:\/\/msradost.com\/svazarmovska1444\/wp-json\/wp\/v2\/pages"}],"about":[{"href":"https:\/\/msradost.com\/svazarmovska1444\/wp-json\/wp\/v2\/types\/page"}],"author":[{"embeddable":true,"href":"https:\/\/msradost.com\/svazarmovska1444\/wp-json\/wp\/v2\/users\/2"}],"replies":[{"embeddable":true,"href":"https:\/\/msradost.com\/svazarmovska1444\/wp-json\/wp\/v2\/comments?post=304"}],"version-history":[{"count":113,"href":"https:\/\/msradost.com\/svazarmovska1444\/wp-json\/wp\/v2\/pages\/304\/revisions"}],"predecessor-version":[{"id":3177,"href":"https:\/\/msradost.com\/svazarmovska1444\/wp-json\/wp\/v2\/pages\/304\/revisions\/3177"}],"wp:attachment":[{"href":"https:\/\/msradost.com\/svazarmovska1444\/wp-json\/wp\/v2\/media?parent=304"}],"curies":[{"name":"wp","href":"https:\/\/api.w.org\/{rel}","templated":true}]}}