{"id":3100,"date":"2026-02-18T17:57:39","date_gmt":"2026-02-18T16:57:39","guid":{"rendered":"https:\/\/msradost.com\/svazarmovska1444\/?page_id=3100"},"modified":"2026-02-18T18:03:10","modified_gmt":"2026-02-18T17:03:10","slug":"tematicke-tvoreni-s-rodici","status":"publish","type":"page","link":"https:\/\/msradost.com\/svazarmovska1444\/tematicke-tvoreni-s-rodici\/","title":{"rendered":"Tematick\u00e9 tvo\u0159en\u00ed s rodi\u010di"},"content":{"rendered":"\n<p><mark style=\"background-color:rgba(0, 0, 0, 0)\" class=\"has-inline-color has-black-color\">V na\u0161\u00ed \u0161kolce r\u00e1di propojujeme rodinu a tvo\u0159en\u00ed. Proto po\u0159\u00e1d\u00e1me pravideln\u00e9 tematick\u00e9 d\u00edlny, kde se d\u011bti spole\u010dn\u011b s rodi\u010di mohou pustit do origin\u00e1ln\u00edch a hrav\u00fdch projekt\u016f. Tvo\u0159\u00edme podle ro\u010dn\u00edho obdob\u00ed i v\u00fdznamn\u00fdch p\u0159\u00edle\u017eitost\u00ed \u2013 nap\u0159\u00edklad podzimn\u00ed dekorace, v\u00e1no\u010dn\u00ed a zimn\u00ed ozdoby, jarn\u00ed v\u00fdzdobu nebo d\u00e1rky ke Dni matek.<\/mark><\/p>\n\n\n\n<p><mark style=\"background-color:rgba(0, 0, 0, 0)\" class=\"has-inline-color has-black-color\">Tyto spole\u010dn\u00e9 chv\u00edle posiluj\u00ed vz\u00e1jemnou spolupr\u00e1ci, kreativitu a radost z tvo\u0159en\u00ed, a z\u00e1rove\u0148 p\u0159in\u00e1\u0161ej\u00ed kr\u00e1sn\u00e9 z\u00e1\u017eitky, kter\u00e9 d\u011bti a rodi\u010de spojuj\u00ed. Ka\u017ed\u00e1 d\u00edlna je p\u0159\u00edle\u017eitost\u00ed pro rodinu str\u00e1vit \u010das spolu, u\u017e\u00edt si spole\u010dnou z\u00e1bavu a odn\u00e9st si dom\u016f pam\u00e1tn\u00e9 v\u00fdrobky, na kter\u00e9 budou v\u0161ichni py\u0161n\u00ed.<\/mark><\/p>\n\n\n\n<p><\/p>\n","protected":false},"excerpt":{"rendered":"<p>V na\u0161\u00ed \u0161kolce r\u00e1di propojujeme rodinu a tvo\u0159en\u00ed. Proto po\u0159\u00e1d\u00e1me pravideln\u00e9 tematick\u00e9 d\u00edlny, kde se d\u011bti spole\u010dn\u011b s rodi\u010di mohou&#8230;<\/p>\n","protected":false},"author":2,"featured_media":0,"parent":0,"menu_order":0,"comment_status":"closed","ping_status":"closed","template":"","meta":{"footnotes":""},"class_list":["post-3100","page","type-page","status-publish","hentry"],"_links":{"self":[{"href":"https:\/\/msradost.com\/svazarmovska1444\/wp-json\/wp\/v2\/pages\/3100","targetHints":{"allow":["GET"]}}],"collection":[{"href":"https:\/\/msradost.com\/svazarmovska1444\/wp-json\/wp\/v2\/pages"}],"about":[{"href":"https:\/\/msradost.com\/svazarmovska1444\/wp-json\/wp\/v2\/types\/page"}],"author":[{"embeddable":true,"href":"https:\/\/msradost.com\/svazarmovska1444\/wp-json\/wp\/v2\/users\/2"}],"replies":[{"embeddable":true,"href":"https:\/\/msradost.com\/svazarmovska1444\/wp-json\/wp\/v2\/comments?post=3100"}],"version-history":[{"count":2,"href":"https:\/\/msradost.com\/svazarmovska1444\/wp-json\/wp\/v2\/pages\/3100\/revisions"}],"predecessor-version":[{"id":3109,"href":"https:\/\/msradost.com\/svazarmovska1444\/wp-json\/wp\/v2\/pages\/3100\/revisions\/3109"}],"wp:attachment":[{"href":"https:\/\/msradost.com\/svazarmovska1444\/wp-json\/wp\/v2\/media?parent=3100"}],"curies":[{"name":"wp","href":"https:\/\/api.w.org\/{rel}","templated":true}]}}