{"id":322,"date":"2018-09-23T18:53:23","date_gmt":"2018-09-23T16:53:23","guid":{"rendered":"http:\/\/msradost.com\/svazarmovska1444\/?page_id=322"},"modified":"2026-03-24T08:56:37","modified_gmt":"2026-03-24T07:56:37","slug":"identifikacni-udaje","status":"publish","type":"page","link":"https:\/\/msradost.com\/svazarmovska1444\/identifikacni-udaje\/","title":{"rendered":"identifika\u010dn\u00ed \u00fadaje"},"content":{"rendered":"<div><span style=\"color: #000000;\"><strong>N\u00e1zev \u0161koly:<\/strong><\/span><\/div>\n<div class=\"entry\">\n<dl>\n<dd><span style=\"color: #000000;\">Mate\u0159sk\u00e1 \u0161kola Radost, Ro\u017enov p. R., p\u0159\u00edsp\u011bvkov\u00e1 organizace<\/span><\/dd>\n<\/dl>\n<dl>\n<dt><span style=\"color: #000000;\"><strong>Adresa mate\u0159sk\u00e9 \u0161koly:<\/strong><\/span><\/dt>\n<dd><span style=\"color: #000000;\">Svazarmovsk\u00e1 1444, 756 61 Ro\u017enov pod Radho\u0161t\u011bm<\/span><\/dd>\n<\/dl>\n<dl>\n<dt><span style=\"color: #000000;\"><strong>\u010c\u00edsla telefon\u016f<\/strong><\/span><\/dt>\n<dd><span style=\"color: #000000;\">571 625 911 &#8211; mate\u0159sk\u00e1 \u0161kola<\/span><br \/>\n<span style=\"color: #000000;\">739 589 095 &#8211; z\u00e1stupkyn\u011b \u0159editele<\/span><br \/>\n<span style=\"color: #000000;\">732 882 731 &#8211; vedouc\u00ed stravov\u00e1n\u00ed<\/span><\/dd>\n<\/dl>\n<dl>\n<dt><span style=\"color: #000000;\"><strong>I\u010c:<\/strong><\/span><\/dt>\n<dd><span style=\"color: #000000;\">70887659<\/span><\/dd>\n<\/dl>\n<dl>\n<dt><span style=\"color: #000000;\"><strong>Jm\u00e9no a p\u0159\u00edjmen\u00ed \u0159editelky:<\/strong><\/span><\/dt>\n<dd><span style=\"color: #000000;\">Mgr. Milena Kohoutov\u00e1<\/span><\/dd>\n<\/dl>\n<dl>\n<dt><span style=\"color: #000000;\"><strong>Z\u00e1stupkyn\u011b \u0159editelky:<\/strong><\/span><\/dt>\n<dd><span style=\"color: #000000;\">Tereza \u010c\u00e1ste\u010dkov\u00e1<\/span><\/dd>\n<\/dl>\n<dl>\n<dt><span style=\"color: #000000;\"><strong>N\u00e1zev z\u0159izovatele:<\/strong><\/span><\/dt>\n<dd><span style=\"color: #000000;\">M\u011bsto Ro\u017enov pod Radho\u0161t\u011bm, okres Vset\u00edn<\/span><\/dd>\n<\/dl>\n<dl>\n<dt><span style=\"color: #000000;\"><strong>Adresa z\u0159izovatele:<\/strong><\/span><\/dt>\n<dd><span style=\"color: #000000;\">Masarykovo n\u00e1m\u011bst\u00ed 128, Ro\u017enov pod Radho\u0161t\u011bm<\/span><\/dd>\n<\/dl>\n<\/div>\n<h4 class=\"title3\" style=\"text-align: center;\"><\/h4>\n","protected":false},"excerpt":{"rendered":"<p>N\u00e1zev \u0161koly: Mate\u0159sk\u00e1 \u0161kola Radost, Ro\u017enov p. R., p\u0159\u00edsp\u011bvkov\u00e1 organizace Adresa mate\u0159sk\u00e9 \u0161koly: Svazarmovsk\u00e1 1444, 756 61 Ro\u017enov pod Radho\u0161t\u011bm&#8230;<\/p>\n","protected":false},"author":2,"featured_media":0,"parent":0,"menu_order":0,"comment_status":"closed","ping_status":"closed","template":"","meta":{"footnotes":""},"class_list":["post-322","page","type-page","status-publish","hentry"],"_links":{"self":[{"href":"https:\/\/msradost.com\/svazarmovska1444\/wp-json\/wp\/v2\/pages\/322","targetHints":{"allow":["GET"]}}],"collection":[{"href":"https:\/\/msradost.com\/svazarmovska1444\/wp-json\/wp\/v2\/pages"}],"about":[{"href":"https:\/\/msradost.com\/svazarmovska1444\/wp-json\/wp\/v2\/types\/page"}],"author":[{"embeddable":true,"href":"https:\/\/msradost.com\/svazarmovska1444\/wp-json\/wp\/v2\/users\/2"}],"replies":[{"embeddable":true,"href":"https:\/\/msradost.com\/svazarmovska1444\/wp-json\/wp\/v2\/comments?post=322"}],"version-history":[{"count":17,"href":"https:\/\/msradost.com\/svazarmovska1444\/wp-json\/wp\/v2\/pages\/322\/revisions"}],"predecessor-version":[{"id":3132,"href":"https:\/\/msradost.com\/svazarmovska1444\/wp-json\/wp\/v2\/pages\/322\/revisions\/3132"}],"wp:attachment":[{"href":"https:\/\/msradost.com\/svazarmovska1444\/wp-json\/wp\/v2\/media?parent=322"}],"curies":[{"name":"wp","href":"https:\/\/api.w.org\/{rel}","templated":true}]}}