{"id":334,"date":"2018-09-23T18:55:44","date_gmt":"2018-09-23T16:55:44","guid":{"rendered":"http:\/\/msradost.com\/svazarmovska1444\/?page_id=334"},"modified":"2023-11-01T22:04:10","modified_gmt":"2023-11-01T21:04:10","slug":"organizace-dne","status":"publish","type":"page","link":"https:\/\/msradost.com\/svazarmovska1444\/organizace-dne\/","title":{"rendered":"organizace dne"},"content":{"rendered":"<p><span style=\"color: #3366ff;\"><strong>Organizace dne p\u0159ed\u0161koln\u00edho vzd\u011bl\u00e1v\u00e1n\u00ed d\u011bt\u00ed podle stanoven\u00e9ho \u0160VP prob\u00edh\u00e1 takto:<\/strong><\/span><\/p>\n<p style=\"text-align: left;\">\u00a0<span style=\"color: #000000;\"><strong> 6.30 &#8211;\u00a0 8.30 hod.<\/strong>\u00a0 rann\u00ed hry dle volby a p\u0159\u00e1n\u00ed d\u011bt\u00ed, individu\u00e1ln\u00ed \u010dinnosti s d\u011btmi<\/span><\/p>\n<p style=\"text-align: left;\"><span style=\"color: #000000;\">\u00a0<strong> 8.30 &#8211;\u00a0 9.00 hod.<\/strong>\u00a0 rann\u00ed kruh, rann\u00ed cvi\u010den\u00ed, hygiena, dopoledn\u00ed sva\u010dina<\/span><\/p>\n<p style=\"text-align: left;\"><span style=\"color: #000000;\">\u00a0 <strong>9.00 &#8211;\u00a0 9.35 hod.\u00a0<\/strong> \u0159\u00edzen\u00e9 \u010dinnosti aktivity zam\u011b\u0159en\u00e9 na v\u00fdchovu a vzd\u011bl\u00e1v\u00e1n\u00ed d\u011bt\u00ed, na jejich citov\u00fd,\u00a0rozumov\u00fd<\/span><br \/>\n<span style=\"color: #000000;\">a t\u011blesn\u00fd rozvoj, prov\u00e1d\u011bn\u00e9 podle \u0160VP a v\u00a0souladu se zam\u011b\u0159en\u00edm jednotliv\u00fdch t\u0159\u00edd<\/span><\/p>\n<p style=\"text-align: left;\"><span style=\"color: #000000;\">\u00a0<strong> 9.35 &#8211; 11.30 hod.\u00a0<\/strong> pobyt venku, seznamov\u00e1n\u00ed s\u00a0p\u0159\u00edrodou, s\u00a0p\u0159\u00edrodn\u00edmi jevy a s\u00a0okoln\u00edm sv\u011btem<\/span><\/p>\n<p style=\"text-align: left;\"><span style=\"color: #000000;\">\u00a0<strong>11.30 &#8211; 12.15 hod.<\/strong>\u00a0 hygiena, ob\u011bd<\/span><\/p>\n<p style=\"text-align: left;\"><span style=\"color: #000000;\"><strong>\u00a012.15 &#8211; 14.00 hod.<\/strong>\u00a0 sp\u00e1nek a odpo\u010dinek d\u011bt\u00ed respektuj\u00edc\u00ed rozd\u00edln\u00e9 pot\u0159eby d\u011bt\u00ed<\/span><\/p>\n<p style=\"text-align: left;\"><span style=\"color: #000000;\">\u00a0<strong>14.00 &#8211;\u00a0 14.15 hod.\u00a0<\/strong> hygiena, sva\u010dina<\/span><\/p>\n<p style=\"text-align: left;\"><span style=\"color: #000000;\"><strong>\u00a014.15 &#8211;\u00a0 16.30 hod.<\/strong>\u00a0 odpoledn\u00ed z\u00e1jmov\u00e9 \u010dinnosti a aktivity dle volby d\u011bt\u00ed, hry<\/span><\/p>\n<p>Stanoven\u00e1 organizace dne m\u016f\u017ee b\u00fdt pozm\u011bn\u011bna v\u00a0p\u0159\u00edpad\u011b, \u017ee to vypl\u00fdv\u00e1 z\u00a0\u0160VP a v\u00a0p\u0159\u00edpad\u011b v\u00fdlet\u016f, exkurz\u00ed,<br \/>\ndivadeln\u00edch a filmov\u00fdch p\u0159edstaven\u00ed, bes\u00eddek a podobn\u00fdch akc\u00ed.<\/p>\n","protected":false},"excerpt":{"rendered":"<p>Organizace dne p\u0159ed\u0161koln\u00edho vzd\u011bl\u00e1v\u00e1n\u00ed d\u011bt\u00ed podle stanoven\u00e9ho \u0160VP prob\u00edh\u00e1 takto: \u00a0 6.30 &#8211;\u00a0 8.30 hod.\u00a0 rann\u00ed hry dle volby a&#8230;<\/p>\n","protected":false},"author":2,"featured_media":0,"parent":0,"menu_order":0,"comment_status":"closed","ping_status":"closed","template":"","meta":{"footnotes":""},"class_list":["post-334","page","type-page","status-publish","hentry"],"_links":{"self":[{"href":"https:\/\/msradost.com\/svazarmovska1444\/wp-json\/wp\/v2\/pages\/334","targetHints":{"allow":["GET"]}}],"collection":[{"href":"https:\/\/msradost.com\/svazarmovska1444\/wp-json\/wp\/v2\/pages"}],"about":[{"href":"https:\/\/msradost.com\/svazarmovska1444\/wp-json\/wp\/v2\/types\/page"}],"author":[{"embeddable":true,"href":"https:\/\/msradost.com\/svazarmovska1444\/wp-json\/wp\/v2\/users\/2"}],"replies":[{"embeddable":true,"href":"https:\/\/msradost.com\/svazarmovska1444\/wp-json\/wp\/v2\/comments?post=334"}],"version-history":[{"count":8,"href":"https:\/\/msradost.com\/svazarmovska1444\/wp-json\/wp\/v2\/pages\/334\/revisions"}],"predecessor-version":[{"id":2434,"href":"https:\/\/msradost.com\/svazarmovska1444\/wp-json\/wp\/v2\/pages\/334\/revisions\/2434"}],"wp:attachment":[{"href":"https:\/\/msradost.com\/svazarmovska1444\/wp-json\/wp\/v2\/media?parent=334"}],"curies":[{"name":"wp","href":"https:\/\/api.w.org\/{rel}","templated":true}]}}