{"id":352,"date":"2018-09-23T19:00:12","date_gmt":"2018-09-23T17:00:12","guid":{"rendered":"http:\/\/msradost.com\/svazarmovska1444\/?page_id=352"},"modified":"2026-04-24T13:53:10","modified_gmt":"2026-04-24T11:53:10","slug":"aktualni-jidelnicek","status":"publish","type":"page","link":"https:\/\/msradost.com\/svazarmovska1444\/aktualni-jidelnicek\/","title":{"rendered":"aktu\u00e1ln\u00ed j\u00eddeln\u00ed\u010dek"},"content":{"rendered":"<h3><a href=\"https:\/\/msradost.com\/svazarmovska1444\/wp-content\/uploads\/2026\/04\/Jidelnicek-27-1.5.26.docx\">J\u00eddeln\u00ed\u010dek (27.-30.4.)<\/a><\/h3>\n<h3><a href=\"http:\/\/msradost.com\/svazarmovska1444\/wp-content\/uploads\/2019\/03\/alergeny.jpg\">Alergeny<\/a><\/h3>\n\n\n<p><\/p>\n","protected":false},"excerpt":{"rendered":"<p>J\u00eddeln\u00ed\u010dek (27.-30.4.) Alergeny<\/p>\n","protected":false},"author":2,"featured_media":0,"parent":0,"menu_order":0,"comment_status":"closed","ping_status":"closed","template":"","meta":{"footnotes":""},"class_list":["post-352","page","type-page","status-publish","hentry"],"_links":{"self":[{"href":"https:\/\/msradost.com\/svazarmovska1444\/wp-json\/wp\/v2\/pages\/352","targetHints":{"allow":["GET"]}}],"collection":[{"href":"https:\/\/msradost.com\/svazarmovska1444\/wp-json\/wp\/v2\/pages"}],"about":[{"href":"https:\/\/msradost.com\/svazarmovska1444\/wp-json\/wp\/v2\/types\/page"}],"author":[{"embeddable":true,"href":"https:\/\/msradost.com\/svazarmovska1444\/wp-json\/wp\/v2\/users\/2"}],"replies":[{"embeddable":true,"href":"https:\/\/msradost.com\/svazarmovska1444\/wp-json\/wp\/v2\/comments?post=352"}],"version-history":[{"count":331,"href":"https:\/\/msradost.com\/svazarmovska1444\/wp-json\/wp\/v2\/pages\/352\/revisions"}],"predecessor-version":[{"id":3172,"href":"https:\/\/msradost.com\/svazarmovska1444\/wp-json\/wp\/v2\/pages\/352\/revisions\/3172"}],"wp:attachment":[{"href":"https:\/\/msradost.com\/svazarmovska1444\/wp-json\/wp\/v2\/media?parent=352"}],"curies":[{"name":"wp","href":"https:\/\/api.w.org\/{rel}","templated":true}]}}