{"id":449,"date":"2018-11-28T19:46:01","date_gmt":"2018-11-28T18:46:01","guid":{"rendered":"http:\/\/msradost.com\/svazarmovska1444\/?page_id=449"},"modified":"2023-11-01T22:11:54","modified_gmt":"2023-11-01T21:11:54","slug":"telocvicna-den-pro-zdravi","status":"publish","type":"page","link":"https:\/\/msradost.com\/svazarmovska1444\/telocvicna-den-pro-zdravi\/","title":{"rendered":"T\u011blocvi\u010dna-den pro zdrav\u00ed"},"content":{"rendered":"<p><span style=\"color: #000000;\">Proto\u017ee pohyb je pro d\u011bti p\u0159irozenou a radostnou \u010dinnost\u00ed, vyu\u017eili jsme mo\u017enosti, v r\u00e1mci spolupr\u00e1ce se Z\u0160 Kory\u010dansk\u00e9 Paseky, pravideln\u011b nav\u0161t\u011bvovat t\u011blocvi\u010dnu a jej\u00ed t\u011blocvi\u010dn\u00e9 n\u00e1\u0159ad\u00ed a n\u00e1\u010din\u00ed.<\/span><\/p>\n<p><span style=\"color: #000000;\">V t\u00e9hle v\u011bkov\u00e9 skupin\u011b je d\u016fle\u017eit\u00fd v\u0161estrann\u00fd pohybov\u00fd rozvoj d\u011bt\u00ed a utv\u00e1\u0159en\u00ed kladn\u00e9ho vztahu ke zdrav\u00e9mu pohybu. D\u011bti se nau\u010d\u00ed cviky pro spr\u00e1vn\u00e9 dr\u017een\u00ed t\u011bla, hravou formou se d\u011bti prot\u00e1hnou, odreaguj\u00ed a nau\u010d\u00ed cviky ke spr\u00e1vn\u00e9mu psychomotorick\u00e9mu v\u00fdvoji. P\u0159i cvi\u010den\u00ed vyu\u017eijeme \u017eeb\u0159iny, lavi\u010dku, velk\u00e9 m\u00ed\u010de, overbally, kruhy, \u017e\u00ed\u017ealy, \u017e\u00edn\u011bnky, m\u00ed\u010de, m\u00ed\u010dky, stuhy a jin\u00e9.<\/span><\/p>\n<ul>\n<li><span style=\"color: #000000;\">d\u011bti maj\u00ed mo\u017enost dosyta se vydov\u00e1d\u011bt a prot\u00e1hnout se ve velk\u00e9m prostoru t\u011blocvi\u010dny<\/span><\/li>\n<li><span style=\"color: #000000;\">zvl\u00e1dnou a nau\u010d\u00ed se z\u00e1kladn\u00ed lokomo\u010dn\u00ed, nelokomo\u010dn\u00ed a manipula\u010dn\u00ed dovednosti<\/span><\/li>\n<li><span style=\"color: #000000;\">nau\u010d\u00ed se zvl\u00e1dat r\u016fzn\u00e1 n\u00e1\u010din\u00ed \u2013 jak si s nimi mohou poradit samy, \u010di ve skupin\u011b.<\/span><\/li>\n<li><span style=\"color: #000000;\">nau\u010d\u00ed se zn\u00e1t sv\u00e9 t\u011blo, pojmenovat jeho jednotliv\u00e9 \u010d\u00e1sti, tr\u00e9novat rovnov\u00e1hu a pohyb podle pokynu nebo n\u00e1podoby<\/span><\/li>\n<li><span style=\"color: #000000;\">nau\u010d\u00ed se r\u016fzn\u00e9 m\u00ed\u010dov\u00e9 hry i cvi\u010den\u00ed s overbally<\/span><\/li>\n<li><span style=\"color: #000000;\">vyzkou\u0161\u00ed si harmonick\u00fd pohyb t\u011bla, spojen\u00ed hudby s pohybem<\/span><\/li>\n<li><span style=\"color: #000000;\">nau\u010d\u00ed se dodr\u017eovat pravidla, spolupracovat a respektovat ostatn\u00ed<\/span><\/li>\n<\/ul>\n","protected":false},"excerpt":{"rendered":"<p>Proto\u017ee pohyb je pro d\u011bti p\u0159irozenou a radostnou \u010dinnost\u00ed, vyu\u017eili jsme mo\u017enosti, v r\u00e1mci spolupr\u00e1ce se Z\u0160 Kory\u010dansk\u00e9 Paseky, pravideln\u011b&#8230;<\/p>\n","protected":false},"author":2,"featured_media":0,"parent":0,"menu_order":0,"comment_status":"closed","ping_status":"closed","template":"","meta":{"footnotes":""},"class_list":["post-449","page","type-page","status-publish","hentry"],"_links":{"self":[{"href":"https:\/\/msradost.com\/svazarmovska1444\/wp-json\/wp\/v2\/pages\/449","targetHints":{"allow":["GET"]}}],"collection":[{"href":"https:\/\/msradost.com\/svazarmovska1444\/wp-json\/wp\/v2\/pages"}],"about":[{"href":"https:\/\/msradost.com\/svazarmovska1444\/wp-json\/wp\/v2\/types\/page"}],"author":[{"embeddable":true,"href":"https:\/\/msradost.com\/svazarmovska1444\/wp-json\/wp\/v2\/users\/2"}],"replies":[{"embeddable":true,"href":"https:\/\/msradost.com\/svazarmovska1444\/wp-json\/wp\/v2\/comments?post=449"}],"version-history":[{"count":3,"href":"https:\/\/msradost.com\/svazarmovska1444\/wp-json\/wp\/v2\/pages\/449\/revisions"}],"predecessor-version":[{"id":2439,"href":"https:\/\/msradost.com\/svazarmovska1444\/wp-json\/wp\/v2\/pages\/449\/revisions\/2439"}],"wp:attachment":[{"href":"https:\/\/msradost.com\/svazarmovska1444\/wp-json\/wp\/v2\/media?parent=449"}],"curies":[{"name":"wp","href":"https:\/\/api.w.org\/{rel}","templated":true}]}}