{"id":452,"date":"2018-11-28T19:46:23","date_gmt":"2018-11-28T18:46:23","guid":{"rendered":"http:\/\/msradost.com\/svazarmovska1444\/?page_id=452"},"modified":"2026-02-18T17:44:50","modified_gmt":"2026-02-18T16:44:50","slug":"vytvarny-krouzek","status":"publish","type":"page","link":"https:\/\/msradost.com\/svazarmovska1444\/vytvarny-krouzek\/","title":{"rendered":"Z\u00e1\u017eitkov\u00e1 v\u00fdtvarn\u00e1 v\u00fdchova"},"content":{"rendered":"<p dir=\"auto\"><span style=\"color: #000000;\">Z\u00e1\u017eitkov\u00e1 VV prob\u00edh\u00e1 v pr\u016fb\u011bhu \u0161koln\u00edho roku a je ur\u010dena v\u0161em d\u011btem, kter\u00e9 r\u00e1dy tvo\u0159\u00ed, objevuj\u00ed a zkou\u0161ej\u00ed nov\u00e9 v\u011bci.<\/span><\/p>\n<p dir=\"auto\"><span style=\"color: #000000;\">Z\u00e1\u017eitkov\u00e1 v\u00fdtvarn\u00e1 v\u00fdchova stav\u00ed na tom, \u017ee d\u00edt\u011b tvo\u0159\u00ed v\u0161emi smysly. D\u011bti experimentuj\u00ed s barvami, strukturami, materi\u00e1ly i neobvykl\u00fdmi pom\u016fckami, zkou\u0161\u00ed netradi\u010dn\u00ed techniky, kombinuj\u00ed postupy a objevuj\u00ed nov\u00e9 zp\u016fsoby vyj\u00e1d\u0159en\u00ed. V\u00fdtvarn\u00e1 \u010dinnost tak p\u0159irozen\u011b rozv\u00edj\u00ed fantazii, kreativitu, jemnou motoriku, vn\u00edm\u00e1n\u00ed detail\u016f i schopnost soust\u0159ed\u011bn\u00ed. D\u016fraz je kladen na samostatnost d\u011bt\u00ed, vlastn\u00ed n\u00e1pady a radost z tvo\u0159en\u00ed, p\u0159i\u010dem\u017e pan\u00ed u\u010ditelka d\u011bti citliv\u011b vede a podporuje jejich individualitu.<\/span><\/p>\n<p dir=\"auto\"><span style=\"color: #000000;\">Tvo\u0159en\u00ed prob\u00edh\u00e1 v klidn\u00e9 atmosf\u00e9\u0159e, \u010dasto dopln\u011bn\u00e9 relaxa\u010dn\u00ed hudbou, kter\u00e1 pom\u00e1h\u00e1 d\u011btem uvolnit se a pono\u0159it se do vlastn\u00ed tvorby. Vznikaj\u00ed tak origin\u00e1ln\u00ed pr\u00e1ce, na kter\u00e9 jsou d\u011bti pr\u00e1vem hrd\u00e9 a kter\u00e9 jim d\u00e1vaj\u00ed pocit \u00fasp\u011bchu i zdrav\u00e9ho sebev\u011bdom\u00ed.<\/span><\/p>\n<p><span style=\"color: #000000;\">Na mal\u00e9 um\u011blce se t\u011b\u0161\u00ed pan\u00ed u\u010ditelka Bc. Karol\u00edna Pavelkov\u00e1.<\/span><\/p>\n\n\n<p><\/p>\n","protected":false},"excerpt":{"rendered":"<p>Z\u00e1\u017eitkov\u00e1 VV prob\u00edh\u00e1 v pr\u016fb\u011bhu \u0161koln\u00edho roku a je ur\u010dena v\u0161em d\u011btem, kter\u00e9 r\u00e1dy tvo\u0159\u00ed, objevuj\u00ed a zkou\u0161ej\u00ed nov\u00e9 v\u011bci&#8230;.<\/p>\n","protected":false},"author":2,"featured_media":0,"parent":0,"menu_order":0,"comment_status":"closed","ping_status":"closed","template":"","meta":{"footnotes":""},"class_list":["post-452","page","type-page","status-publish","hentry"],"_links":{"self":[{"href":"https:\/\/msradost.com\/svazarmovska1444\/wp-json\/wp\/v2\/pages\/452","targetHints":{"allow":["GET"]}}],"collection":[{"href":"https:\/\/msradost.com\/svazarmovska1444\/wp-json\/wp\/v2\/pages"}],"about":[{"href":"https:\/\/msradost.com\/svazarmovska1444\/wp-json\/wp\/v2\/types\/page"}],"author":[{"embeddable":true,"href":"https:\/\/msradost.com\/svazarmovska1444\/wp-json\/wp\/v2\/users\/2"}],"replies":[{"embeddable":true,"href":"https:\/\/msradost.com\/svazarmovska1444\/wp-json\/wp\/v2\/comments?post=452"}],"version-history":[{"count":4,"href":"https:\/\/msradost.com\/svazarmovska1444\/wp-json\/wp\/v2\/pages\/452\/revisions"}],"predecessor-version":[{"id":3085,"href":"https:\/\/msradost.com\/svazarmovska1444\/wp-json\/wp\/v2\/pages\/452\/revisions\/3085"}],"wp:attachment":[{"href":"https:\/\/msradost.com\/svazarmovska1444\/wp-json\/wp\/v2\/media?parent=452"}],"curies":[{"name":"wp","href":"https:\/\/api.w.org\/{rel}","templated":true}]}}