{"id":472,"date":"2018-11-28T19:59:55","date_gmt":"2018-11-28T18:59:55","guid":{"rendered":"http:\/\/msradost.com\/svazarmovska1444\/?page_id=472"},"modified":"2026-02-18T17:34:30","modified_gmt":"2026-02-18T16:34:30","slug":"medvidci","status":"publish","type":"page","link":"https:\/\/msradost.com\/svazarmovska1444\/medvidci\/","title":{"rendered":"Medv\u00eddci"},"content":{"rendered":"<h3><span style=\"color: #3366ff;\">Medv\u00eddci\u00a0<\/span><\/h3>\n<p><span style=\"color: #000000;\"><strong>Tel.:\u00a0+420 605 598 900<\/strong><\/span><\/p>\n<p><span style=\"color: #000000;\">T\u0159\u00edda je ur\u010dena p\u0159ed\u0161koln\u00edm d\u011btem a d\u011btem s odlo\u017eenou \u0161koln\u00ed doch\u00e1zkou. Hlavn\u00edm c\u00edlem je jejich v\u0161estrann\u00e1 p\u0159\u00edprava na vstup do 1. t\u0159\u00eddy Z\u0160 tak, aby do \u0161koly odch\u00e1zely sebejist\u00e9, samostatn\u00e9 a dob\u0159e p\u0159ipraven\u00e9 po str\u00e1nce rozumov\u00e9, pohybov\u00e9 i soci\u00e1ln\u00ed. Vzd\u011bl\u00e1v\u00e1n\u00ed prob\u00edh\u00e1 b\u011bhem cel\u00e9ho dne p\u0159irozenou, hravou formou, kter\u00e1 respektuje individu\u00e1ln\u00ed tempo ka\u017ed\u00e9ho d\u00edt\u011bte a podporuje jeho motivaci k u\u010den\u00ed.<\/span><\/p>\n<p dir=\"auto\"><span style=\"color: #000000;\">Pan\u00ed u\u010ditelky ve t\u0159\u00edd\u011b pracuj\u00ed s Metodou dobr\u00e9ho startu \u2013 stimula\u010dn\u00edm a rehabilita\u010dn\u00edm programem ur\u010den\u00fdm pro p\u0159ed\u0161kol\u00e1ky a mlad\u0161\u00ed \u0161koln\u00ed d\u011bti. Tento p\u0159\u00edstup propojuje sluchov\u00e9, zrakov\u00e9 i pohybov\u00e9 vn\u00edm\u00e1n\u00ed (akusticko-motorick\u00e1 metoda) a napom\u00e1h\u00e1 rozvoji pozornosti, grafomotoriky, koordinace i \u0159e\u010dov\u00fdch dovednost\u00ed. Sou\u010d\u00e1st\u00ed programu je tak\u00e9 pravideln\u00e1 logopedick\u00e1 prevence, kter\u00e1 podporuje spr\u00e1vn\u00fd v\u00fdvoj \u0159e\u010di a komunika\u010dn\u00edch schopnost\u00ed.<\/span><\/p>\n<p dir=\"auto\"><span style=\"color: #000000;\">Velk\u00fd d\u016fraz klademe na pohyb a pobyt venku. D\u011bti se \u00fa\u010dastn\u00ed \u010dast\u00fdch vych\u00e1zek, aktivit na \u0161koln\u00ed zahrad\u011b i sportovn\u00edch program\u016f, jako jsou in-line brusle , cvi\u010den\u00ed s tren\u00e9rem Jardou, ly\u017ea\u0159sk\u00fd v\u00fdcvik. Tyto \u010dinnosti rozv\u00edjej\u00ed fyzickou zdatnost, vytrvalost i zdrav\u00fd vztah k pohybu. Samoz\u0159ejmost\u00ed je tak\u00e9 spolupr\u00e1ce se z\u00e1kladn\u00ed \u0161kolou, d\u00edky n\u00ed\u017e maj\u00ed d\u011bti mo\u017enost postupn\u011b se sezn\u00e1mit s nov\u00fdm prost\u0159ed\u00edm a p\u0159echod do \u0161koly pro n\u011b prob\u00edh\u00e1 p\u0159irozen\u011b a bez obav.<\/span><\/p>\n<p dir=\"auto\"><strong><span style=\"color: #000000;\">MOTIVACE \u2013 POCHOPEN\u00cd \u2013 P\u0158\u00c1TELSTV\u00cd \u2013 D\u016eV\u011aRA \u2013 VZ\u00c1JEMN\u00c1 POMOC<\/span><\/strong><\/p>\n<p dir=\"auto\"><span style=\"color: #000000;\">To v\u0161e u n\u00e1s najdete.<\/span><\/p>\n<p dir=\"auto\"><span style=\"color: #000000;\">T\u011b\u0161\u00ed se na v\u00e1s p. u\u010ditelky Tereza \u010c\u00e1ste\u010dkov\u00e1, Petra Solansk\u00e1 a asistent pedagoga Lenka Jak\u0161\u00edkov\u00e1.<\/span><\/p>\n","protected":false},"excerpt":{"rendered":"<p>Medv\u00eddci\u00a0 Tel.:\u00a0+420 605 598 900 T\u0159\u00edda je ur\u010dena p\u0159ed\u0161koln\u00edm d\u011btem a d\u011btem s odlo\u017eenou \u0161koln\u00ed doch\u00e1zkou. Hlavn\u00edm c\u00edlem je jejich&#8230;<\/p>\n","protected":false},"author":2,"featured_media":0,"parent":0,"menu_order":0,"comment_status":"closed","ping_status":"closed","template":"","meta":{"footnotes":""},"class_list":["post-472","page","type-page","status-publish","hentry"],"_links":{"self":[{"href":"https:\/\/msradost.com\/svazarmovska1444\/wp-json\/wp\/v2\/pages\/472","targetHints":{"allow":["GET"]}}],"collection":[{"href":"https:\/\/msradost.com\/svazarmovska1444\/wp-json\/wp\/v2\/pages"}],"about":[{"href":"https:\/\/msradost.com\/svazarmovska1444\/wp-json\/wp\/v2\/types\/page"}],"author":[{"embeddable":true,"href":"https:\/\/msradost.com\/svazarmovska1444\/wp-json\/wp\/v2\/users\/2"}],"replies":[{"embeddable":true,"href":"https:\/\/msradost.com\/svazarmovska1444\/wp-json\/wp\/v2\/comments?post=472"}],"version-history":[{"count":18,"href":"https:\/\/msradost.com\/svazarmovska1444\/wp-json\/wp\/v2\/pages\/472\/revisions"}],"predecessor-version":[{"id":3079,"href":"https:\/\/msradost.com\/svazarmovska1444\/wp-json\/wp\/v2\/pages\/472\/revisions\/3079"}],"wp:attachment":[{"href":"https:\/\/msradost.com\/svazarmovska1444\/wp-json\/wp\/v2\/media?parent=472"}],"curies":[{"name":"wp","href":"https:\/\/api.w.org\/{rel}","templated":true}]}}