{"id":717,"date":"2019-01-02T10:56:06","date_gmt":"2019-01-02T09:56:06","guid":{"rendered":"http:\/\/msradost.com\/svazarmovska1444\/?page_id=717"},"modified":"2026-03-24T09:06:27","modified_gmt":"2026-03-24T08:06:27","slug":"fotodokumentace","status":"publish","type":"page","link":"https:\/\/msradost.com\/svazarmovska1444\/fotodokumentace\/","title":{"rendered":"fotodokumentace"},"content":{"rendered":"<h4><span style=\"color: #0000ff;\">Na tomto ve\u0159ejn\u00e9m FB profilu najdete aktu\u00e1ln\u00ed d\u011bt\u00ed v M\u0160 \ud83d\ude42<\/span><\/h4>\n<ul>\n<li><a href=\"https:\/\/www.facebook.com\/profile.php?id=61556603923454\">Mate\u0159sk\u00e1 \u0161kola Radost<\/a><\/li>\n<\/ul>\n","protected":false},"excerpt":{"rendered":"<p>Na tomto ve\u0159ejn\u00e9m FB profilu najdete aktu\u00e1ln\u00ed d\u011bt\u00ed v M\u0160 \ud83d\ude42 Mate\u0159sk\u00e1 \u0161kola Radost<\/p>\n","protected":false},"author":2,"featured_media":0,"parent":0,"menu_order":0,"comment_status":"closed","ping_status":"closed","template":"","meta":{"footnotes":""},"class_list":["post-717","page","type-page","status-publish","hentry"],"_links":{"self":[{"href":"https:\/\/msradost.com\/svazarmovska1444\/wp-json\/wp\/v2\/pages\/717","targetHints":{"allow":["GET"]}}],"collection":[{"href":"https:\/\/msradost.com\/svazarmovska1444\/wp-json\/wp\/v2\/pages"}],"about":[{"href":"https:\/\/msradost.com\/svazarmovska1444\/wp-json\/wp\/v2\/types\/page"}],"author":[{"embeddable":true,"href":"https:\/\/msradost.com\/svazarmovska1444\/wp-json\/wp\/v2\/users\/2"}],"replies":[{"embeddable":true,"href":"https:\/\/msradost.com\/svazarmovska1444\/wp-json\/wp\/v2\/comments?post=717"}],"version-history":[{"count":5,"href":"https:\/\/msradost.com\/svazarmovska1444\/wp-json\/wp\/v2\/pages\/717\/revisions"}],"predecessor-version":[{"id":3138,"href":"https:\/\/msradost.com\/svazarmovska1444\/wp-json\/wp\/v2\/pages\/717\/revisions\/3138"}],"wp:attachment":[{"href":"https:\/\/msradost.com\/svazarmovska1444\/wp-json\/wp\/v2\/media?parent=717"}],"curies":[{"name":"wp","href":"https:\/\/api.w.org\/{rel}","templated":true}]}}